{"id":44,"date":"2023-07-16T13:28:15","date_gmt":"2023-07-16T13:28:15","guid":{"rendered":"https:\/\/kabelquerschnitt-berechnen-kurs.de\/?page_id=44"},"modified":"2024-02-11T18:20:39","modified_gmt":"2024-02-11T18:20:39","slug":"selbst-lerner-kurs-elektroinstallation","status":"publish","type":"page","link":"https:\/\/kabelquerschnitt-berechnen-kurs.de\/?page_id=44","title":{"rendered":"Selbst Lerner Online Kurs Elektroinstallation"},"content":{"rendered":"\n<p>Unser Online-Kurs ist speziell f\u00fcr angehende und bestehende Elektro-Fachbetriebe konzipiert, die den Netzanschluss ihrer elektrischen Anlage planen. Nach Absolvierung dieses Online Kurses sind sie selbstst\u00e4ndig in der Lage die entsprechenen Normen und Standards f\u00fcr die Elektroinstallation in Wohngeb\u00e4uden zu finden und zu planen.<\/p>\n\n\n\n<p><strong>Hinweis:<\/strong> In der Niederspannungsanschlussverordnung (NAV) \u00a7 13 d\u00fcrfen Arbeiten an elektrischen Anlagen nur durch eingetragene Firmen im Installateurverzeichnis und dem Netzbetreiber selbst durchgef\u00fchrt werden.<\/p>\n\n\n\n<p>Der Online Kurs beinhaltet die Folgenden Themen:<\/p>\n\n\n\n<ul class=\"wp-block-list\">\n<li><strong>Themen und Schwerpunkte in der Elektroinstallation<\/strong>\n<ul class=\"wp-block-list\">\n<li>Entsprechende Normen und Seitenangaben in den Lehrb\u00fcchern werden genannt<\/li>\n\n\n\n<li>inkl. Videomaterial (1 Stunde) <\/li>\n<\/ul>\n<\/li>\n\n\n\n<li><strong>Rechenaufgaben zur Leitungsauslegung<\/strong>\n<ul class=\"wp-block-list\">\n<li>Aufgaben zur Berechnung des Kabelquerschnittes und Auswahl der Sicherung<\/li>\n\n\n\n<li>inkl. Videomaterial (2 Stunden)<\/li>\n<\/ul>\n<\/li>\n\n\n\n<li>Pr\u00fcfungsfragen zur Meisterpr\u00fcfung\n<ul class=\"wp-block-list\">\n<li>Diese Fragen sind \u00e4hnlich wie in der Pr\u00fcfung und sollen Ihren Wissensstand pr\u00fcfen<\/li>\n<\/ul>\n<\/li>\n\n\n\n<li>Pr\u00fcfen von Anlagen <\/li>\n\n\n\n<li>Nach DIN VDE 0100 600 und DIN VDE 0105-100<\/li>\n\n\n\n<li>inkl. Videomaterial (1 Stunde)<\/li>\n<\/ul>\n\n\n\n<pre class=\"wp-block-code\"><code><script id=\"form-script-tag-6801228\" src=\"https:\/\/selbst-lerner-kurs-elektro.systeme.io\/public\/remote\/page\/102902821ca86a58f0e2aa9d5f30229e75fb5bf3.js\"><\/script><\/code><\/pre>\n","protected":false},"excerpt":{"rendered":"<p>Unser Online-Kurs ist speziell f\u00fcr angehende und bestehende Elektro-Fachbetriebe konzipiert, die den Netzanschluss ihrer elektrischen Anlage planen. Nach Absolvierung dieses Online Kurses sind sie selbstst\u00e4ndig in der Lage die entsprechenen Normen und Standards f\u00fcr die Elektroinstallation in Wohngeb\u00e4uden zu finden und zu planen. Hinweis: In der Niederspannungsanschlussverordnung (NAV) \u00a7 13 d\u00fcrfen Arbeiten an elektrischen Anlagen [&hellip;]<\/p>\n","protected":false},"author":1,"featured_media":0,"parent":0,"menu_order":0,"comment_status":"closed","ping_status":"closed","template":"","meta":{"footnotes":""},"class_list":["post-44","page","type-page","status-publish","hentry"],"yoast_head":"<!-- This site is optimized with the Yoast SEO plugin v22.2 - https:\/\/yoast.com\/wordpress\/plugins\/seo\/ -->\n<title>Selbst Lerner Online Kurs Elektroinstallation - Elektriker Normen und Standards<\/title>\n<meta name=\"description\" content=\"Kurs f\u00fcr angehende und bestehende Elektrofachbetriebe. Der Video Kurs gibt eine Anleitung zur normgerechten Planung von elektrischen Anlagen.\" \/>\n<meta name=\"robots\" content=\"index, follow, max-snippet:-1, max-image-preview:large, max-video-preview:-1\" \/>\n<link rel=\"canonical\" href=\"https:\/\/kabelquerschnitt-berechnen-kurs.de\/?page_id=44\" \/>\n<meta property=\"og:locale\" content=\"de_DE\" \/>\n<meta property=\"og:type\" content=\"article\" \/>\n<meta property=\"og:title\" content=\"Selbst Lerner Online Kurs Elektroinstallation - Elektriker Normen und Standards\" \/>\n<meta property=\"og:description\" content=\"Kurs f\u00fcr angehende und bestehende Elektrofachbetriebe. Der Video Kurs gibt eine Anleitung zur normgerechten Planung von elektrischen Anlagen.\" \/>\n<meta property=\"og:url\" content=\"https:\/\/kabelquerschnitt-berechnen-kurs.de\/?page_id=44\" \/>\n<meta property=\"og:site_name\" content=\"Elektriker Normen und Standards\" \/>\n<meta property=\"article:modified_time\" content=\"2024-02-11T18:20:39+00:00\" \/>\n<meta name=\"twitter:card\" content=\"summary_large_image\" \/>\n<meta name=\"twitter:label1\" content=\"Gesch\u00e4tzte Lesezeit\" \/>\n\t<meta name=\"twitter:data1\" content=\"1\u00a0Minute\" \/>\n<script type=\"application\/ld+json\" class=\"yoast-schema-graph\">{\"@context\":\"https:\/\/schema.org\",\"@graph\":[{\"@type\":\"WebPage\",\"@id\":\"https:\/\/kabelquerschnitt-berechnen-kurs.de\/?page_id=44\",\"url\":\"https:\/\/kabelquerschnitt-berechnen-kurs.de\/?page_id=44\",\"name\":\"Selbst Lerner Online Kurs Elektroinstallation - Elektriker Normen und Standards\",\"isPartOf\":{\"@id\":\"https:\/\/kabelquerschnitt-berechnen-kurs.de\/#website\"},\"datePublished\":\"2023-07-16T13:28:15+00:00\",\"dateModified\":\"2024-02-11T18:20:39+00:00\",\"description\":\"Kurs f\u00fcr angehende und bestehende Elektrofachbetriebe. Der Video Kurs gibt eine Anleitung zur normgerechten Planung von elektrischen Anlagen.\",\"breadcrumb\":{\"@id\":\"https:\/\/kabelquerschnitt-berechnen-kurs.de\/?page_id=44#breadcrumb\"},\"inLanguage\":\"de\",\"potentialAction\":[{\"@type\":\"ReadAction\",\"target\":[\"https:\/\/kabelquerschnitt-berechnen-kurs.de\/?page_id=44\"]}]},{\"@type\":\"BreadcrumbList\",\"@id\":\"https:\/\/kabelquerschnitt-berechnen-kurs.de\/?page_id=44#breadcrumb\",\"itemListElement\":[{\"@type\":\"ListItem\",\"position\":1,\"name\":\"Home\",\"item\":\"https:\/\/kabelquerschnitt-berechnen-kurs.de\/\"},{\"@type\":\"ListItem\",\"position\":2,\"name\":\"Selbst Lerner Online Kurs Elektroinstallation\"}]},{\"@type\":\"WebSite\",\"@id\":\"https:\/\/kabelquerschnitt-berechnen-kurs.de\/#website\",\"url\":\"https:\/\/kabelquerschnitt-berechnen-kurs.de\/\",\"name\":\"Kabelquerschnitt berechnen\",\"description\":\"\",\"publisher\":{\"@id\":\"https:\/\/kabelquerschnitt-berechnen-kurs.de\/#organization\"},\"potentialAction\":[{\"@type\":\"SearchAction\",\"target\":{\"@type\":\"EntryPoint\",\"urlTemplate\":\"https:\/\/kabelquerschnitt-berechnen-kurs.de\/?s={search_term_string}\"},\"query-input\":\"required name=search_term_string\"}],\"inLanguage\":\"de\"},{\"@type\":\"Organization\",\"@id\":\"https:\/\/kabelquerschnitt-berechnen-kurs.de\/#organization\",\"name\":\"Kabelquerschnitt berechnen\",\"url\":\"https:\/\/kabelquerschnitt-berechnen-kurs.de\/\",\"logo\":{\"@type\":\"ImageObject\",\"inLanguage\":\"de\",\"@id\":\"https:\/\/kabelquerschnitt-berechnen-kurs.de\/#\/schema\/logo\/image\/\",\"url\":\"https:\/\/kabelquerschnitt-berechnen-kurs.de\/wp-content\/uploads\/2023\/07\/Kabelquerschnitt_logo.png\",\"contentUrl\":\"https:\/\/kabelquerschnitt-berechnen-kurs.de\/wp-content\/uploads\/2023\/07\/Kabelquerschnitt_logo.png\",\"width\":594,\"height\":310,\"caption\":\"Kabelquerschnitt berechnen\"},\"image\":{\"@id\":\"https:\/\/kabelquerschnitt-berechnen-kurs.de\/#\/schema\/logo\/image\/\"}}]}<\/script>\n<!-- \/ Yoast SEO plugin. -->","yoast_head_json":{"title":"Selbst Lerner Online Kurs Elektroinstallation - Elektriker Normen und Standards","description":"Kurs f\u00fcr angehende und bestehende Elektrofachbetriebe. Der Video Kurs gibt eine Anleitung zur normgerechten Planung von elektrischen Anlagen.","robots":{"index":"index","follow":"follow","max-snippet":"max-snippet:-1","max-image-preview":"max-image-preview:large","max-video-preview":"max-video-preview:-1"},"canonical":"https:\/\/kabelquerschnitt-berechnen-kurs.de\/?page_id=44","og_locale":"de_DE","og_type":"article","og_title":"Selbst Lerner Online Kurs Elektroinstallation - Elektriker Normen und Standards","og_description":"Kurs f\u00fcr angehende und bestehende Elektrofachbetriebe. Der Video Kurs gibt eine Anleitung zur normgerechten Planung von elektrischen Anlagen.","og_url":"https:\/\/kabelquerschnitt-berechnen-kurs.de\/?page_id=44","og_site_name":"Elektriker Normen und Standards","article_modified_time":"2024-02-11T18:20:39+00:00","twitter_card":"summary_large_image","twitter_misc":{"Gesch\u00e4tzte Lesezeit":"1\u00a0Minute"},"schema":{"@context":"https:\/\/schema.org","@graph":[{"@type":"WebPage","@id":"https:\/\/kabelquerschnitt-berechnen-kurs.de\/?page_id=44","url":"https:\/\/kabelquerschnitt-berechnen-kurs.de\/?page_id=44","name":"Selbst Lerner Online Kurs Elektroinstallation - Elektriker Normen und Standards","isPartOf":{"@id":"https:\/\/kabelquerschnitt-berechnen-kurs.de\/#website"},"datePublished":"2023-07-16T13:28:15+00:00","dateModified":"2024-02-11T18:20:39+00:00","description":"Kurs f\u00fcr angehende und bestehende Elektrofachbetriebe. Der Video Kurs gibt eine Anleitung zur normgerechten Planung von elektrischen Anlagen.","breadcrumb":{"@id":"https:\/\/kabelquerschnitt-berechnen-kurs.de\/?page_id=44#breadcrumb"},"inLanguage":"de","potentialAction":[{"@type":"ReadAction","target":["https:\/\/kabelquerschnitt-berechnen-kurs.de\/?page_id=44"]}]},{"@type":"BreadcrumbList","@id":"https:\/\/kabelquerschnitt-berechnen-kurs.de\/?page_id=44#breadcrumb","itemListElement":[{"@type":"ListItem","position":1,"name":"Home","item":"https:\/\/kabelquerschnitt-berechnen-kurs.de\/"},{"@type":"ListItem","position":2,"name":"Selbst Lerner Online Kurs Elektroinstallation"}]},{"@type":"WebSite","@id":"https:\/\/kabelquerschnitt-berechnen-kurs.de\/#website","url":"https:\/\/kabelquerschnitt-berechnen-kurs.de\/","name":"Kabelquerschnitt berechnen","description":"","publisher":{"@id":"https:\/\/kabelquerschnitt-berechnen-kurs.de\/#organization"},"potentialAction":[{"@type":"SearchAction","target":{"@type":"EntryPoint","urlTemplate":"https:\/\/kabelquerschnitt-berechnen-kurs.de\/?s={search_term_string}"},"query-input":"required name=search_term_string"}],"inLanguage":"de"},{"@type":"Organization","@id":"https:\/\/kabelquerschnitt-berechnen-kurs.de\/#organization","name":"Kabelquerschnitt berechnen","url":"https:\/\/kabelquerschnitt-berechnen-kurs.de\/","logo":{"@type":"ImageObject","inLanguage":"de","@id":"https:\/\/kabelquerschnitt-berechnen-kurs.de\/#\/schema\/logo\/image\/","url":"https:\/\/kabelquerschnitt-berechnen-kurs.de\/wp-content\/uploads\/2023\/07\/Kabelquerschnitt_logo.png","contentUrl":"https:\/\/kabelquerschnitt-berechnen-kurs.de\/wp-content\/uploads\/2023\/07\/Kabelquerschnitt_logo.png","width":594,"height":310,"caption":"Kabelquerschnitt berechnen"},"image":{"@id":"https:\/\/kabelquerschnitt-berechnen-kurs.de\/#\/schema\/logo\/image\/"}}]}},"_links":{"self":[{"href":"https:\/\/kabelquerschnitt-berechnen-kurs.de\/index.php?rest_route=\/wp\/v2\/pages\/44","targetHints":{"allow":["GET"]}}],"collection":[{"href":"https:\/\/kabelquerschnitt-berechnen-kurs.de\/index.php?rest_route=\/wp\/v2\/pages"}],"about":[{"href":"https:\/\/kabelquerschnitt-berechnen-kurs.de\/index.php?rest_route=\/wp\/v2\/types\/page"}],"author":[{"embeddable":true,"href":"https:\/\/kabelquerschnitt-berechnen-kurs.de\/index.php?rest_route=\/wp\/v2\/users\/1"}],"replies":[{"embeddable":true,"href":"https:\/\/kabelquerschnitt-berechnen-kurs.de\/index.php?rest_route=%2Fwp%2Fv2%2Fcomments&post=44"}],"version-history":[{"count":16,"href":"https:\/\/kabelquerschnitt-berechnen-kurs.de\/index.php?rest_route=\/wp\/v2\/pages\/44\/revisions"}],"predecessor-version":[{"id":95,"href":"https:\/\/kabelquerschnitt-berechnen-kurs.de\/index.php?rest_route=\/wp\/v2\/pages\/44\/revisions\/95"}],"wp:attachment":[{"href":"https:\/\/kabelquerschnitt-berechnen-kurs.de\/index.php?rest_route=%2Fwp%2Fv2%2Fmedia&parent=44"}],"curies":[{"name":"wp","href":"https:\/\/api.w.org\/{rel}","templated":true}]}}